{"id":711,"date":"2023-06-07T08:15:06","date_gmt":"2023-06-07T08:15:06","guid":{"rendered":"https:\/\/cartelinacinco.webdevbcn.net\/politica-de-privacidad\/"},"modified":"2023-07-20T07:17:22","modified_gmt":"2023-07-20T07:17:22","slug":"politica-de-privacidad","status":"publish","type":"page","link":"https:\/\/cartelinacinco.com\/es\/politica-de-privacidad\/","title":{"rendered":"Politica de privacidad"},"content":{"rendered":"\t\t<div data-elementor-type=\"wp-page\" data-elementor-id=\"711\" class=\"elementor elementor-711 elementor-3\" data-elementor-post-type=\"page\">\n\t\t\t\t\t\t\t\t\t<section class=\"elementor-section elementor-top-section elementor-element elementor-element-e6fed28 elementor-section-boxed elementor-section-height-default elementor-section-height-default\" data-id=\"e6fed28\" data-element_type=\"section\">\n\t\t\t\t\t\t<div class=\"elementor-container elementor-column-gap-default\">\n\t\t\t\t\t<div class=\"elementor-column elementor-col-100 elementor-top-column elementor-element elementor-element-074ec7c\" data-id=\"074ec7c\" data-element_type=\"column\">\n\t\t\t<div class=\"elementor-widget-wrap elementor-element-populated\">\n\t\t\t\t\t\t\t\t<div class=\"elementor-element elementor-element-1e631ad elementor-widget elementor-widget-text-editor\" data-id=\"1e631ad\" data-element_type=\"widget\" data-widget_type=\"text-editor.default\">\n\t\t\t\t<div class=\"elementor-widget-container\">\n\t\t\t<style>\/*! elementor - v3.16.0 - 09-10-2023 *\/\n.elementor-widget-text-editor.elementor-drop-cap-view-stacked .elementor-drop-cap{background-color:#69727d;color:#fff}.elementor-widget-text-editor.elementor-drop-cap-view-framed .elementor-drop-cap{color:#69727d;border:3px solid;background-color:transparent}.elementor-widget-text-editor:not(.elementor-drop-cap-view-default) .elementor-drop-cap{margin-top:8px}.elementor-widget-text-editor:not(.elementor-drop-cap-view-default) .elementor-drop-cap-letter{width:1em;height:1em}.elementor-widget-text-editor .elementor-drop-cap{float:left;text-align:center;line-height:1;font-size:50px}.elementor-widget-text-editor .elementor-drop-cap-letter{display:inline-block}<\/style>\t\t\t\t\t\t\t\t\t\t<\/div>\n\t\t\t\t<\/div>\n\t\t\t\t\t<\/div>\n\t\t<\/div>\n\t\t\t\t\t\t\t<\/div>\n\t\t<\/section>\n\t\t\t\t<section class=\"elementor-section elementor-top-section elementor-element elementor-element-9f8abe7 elementor-section-boxed elementor-section-height-default elementor-section-height-default\" data-id=\"9f8abe7\" data-element_type=\"section\">\n\t\t\t\t\t\t<div class=\"elementor-container elementor-column-gap-default\">\n\t\t\t\t\t<div class=\"elementor-column elementor-col-100 elementor-top-column elementor-element elementor-element-6248b84\" data-id=\"6248b84\" data-element_type=\"column\">\n\t\t\t<div class=\"elementor-widget-wrap elementor-element-populated\">\n\t\t\t\t\t\t\t\t<div class=\"elementor-element elementor-element-1c6bc3c elementor-widget elementor-widget-heading\" data-id=\"1c6bc3c\" data-element_type=\"widget\" data-widget_type=\"heading.default\">\n\t\t\t\t<div class=\"elementor-widget-container\">\n\t\t\t<style>\/*! elementor - v3.16.0 - 09-10-2023 *\/\n.elementor-heading-title{padding:0;margin:0;line-height:1}.elementor-widget-heading .elementor-heading-title[class*=elementor-size-]>a{color:inherit;font-size:inherit;line-height:inherit}.elementor-widget-heading .elementor-heading-title.elementor-size-small{font-size:15px}.elementor-widget-heading .elementor-heading-title.elementor-size-medium{font-size:19px}.elementor-widget-heading .elementor-heading-title.elementor-size-large{font-size:29px}.elementor-widget-heading .elementor-heading-title.elementor-size-xl{font-size:39px}.elementor-widget-heading .elementor-heading-title.elementor-size-xxl{font-size:59px}<\/style><h2 class=\"elementor-heading-title elementor-size-default\">Pol\u00edtica de privacidad<\/h2>\t\t<\/div>\n\t\t\t\t<\/div>\n\t\t\t\t<div class=\"elementor-element elementor-element-0c5fdae elementor-widget-divider--view-line elementor-widget elementor-widget-divider\" data-id=\"0c5fdae\" data-element_type=\"widget\" data-widget_type=\"divider.default\">\n\t\t\t\t<div class=\"elementor-widget-container\">\n\t\t\t<style>\/*! elementor - v3.16.0 - 09-10-2023 *\/\n.elementor-widget-divider{--divider-border-style:none;--divider-border-width:1px;--divider-color:#0c0d0e;--divider-icon-size:20px;--divider-element-spacing:10px;--divider-pattern-height:24px;--divider-pattern-size:20px;--divider-pattern-url:none;--divider-pattern-repeat:repeat-x}.elementor-widget-divider .elementor-divider{display:flex}.elementor-widget-divider .elementor-divider__text{font-size:15px;line-height:1;max-width:95%}.elementor-widget-divider .elementor-divider__element{margin:0 var(--divider-element-spacing);flex-shrink:0}.elementor-widget-divider .elementor-icon{font-size:var(--divider-icon-size)}.elementor-widget-divider .elementor-divider-separator{display:flex;margin:0;direction:ltr}.elementor-widget-divider--view-line_icon .elementor-divider-separator,.elementor-widget-divider--view-line_text .elementor-divider-separator{align-items:center}.elementor-widget-divider--view-line_icon .elementor-divider-separator:after,.elementor-widget-divider--view-line_icon .elementor-divider-separator:before,.elementor-widget-divider--view-line_text .elementor-divider-separator:after,.elementor-widget-divider--view-line_text .elementor-divider-separator:before{display:block;content:\"\";border-bottom:0;flex-grow:1;border-top:var(--divider-border-width) var(--divider-border-style) var(--divider-color)}.elementor-widget-divider--element-align-left .elementor-divider .elementor-divider-separator>.elementor-divider__svg:first-of-type{flex-grow:0;flex-shrink:100}.elementor-widget-divider--element-align-left .elementor-divider-separator:before{content:none}.elementor-widget-divider--element-align-left .elementor-divider__element{margin-left:0}.elementor-widget-divider--element-align-right .elementor-divider .elementor-divider-separator>.elementor-divider__svg:last-of-type{flex-grow:0;flex-shrink:100}.elementor-widget-divider--element-align-right .elementor-divider-separator:after{content:none}.elementor-widget-divider--element-align-right .elementor-divider__element{margin-right:0}.elementor-widget-divider:not(.elementor-widget-divider--view-line_text):not(.elementor-widget-divider--view-line_icon) .elementor-divider-separator{border-top:var(--divider-border-width) var(--divider-border-style) var(--divider-color)}.elementor-widget-divider--separator-type-pattern{--divider-border-style:none}.elementor-widget-divider--separator-type-pattern.elementor-widget-divider--view-line .elementor-divider-separator,.elementor-widget-divider--separator-type-pattern:not(.elementor-widget-divider--view-line) .elementor-divider-separator:after,.elementor-widget-divider--separator-type-pattern:not(.elementor-widget-divider--view-line) .elementor-divider-separator:before,.elementor-widget-divider--separator-type-pattern:not([class*=elementor-widget-divider--view]) .elementor-divider-separator{width:100%;min-height:var(--divider-pattern-height);-webkit-mask-size:var(--divider-pattern-size) 100%;mask-size:var(--divider-pattern-size) 100%;-webkit-mask-repeat:var(--divider-pattern-repeat);mask-repeat:var(--divider-pattern-repeat);background-color:var(--divider-color);-webkit-mask-image:var(--divider-pattern-url);mask-image:var(--divider-pattern-url)}.elementor-widget-divider--no-spacing{--divider-pattern-size:auto}.elementor-widget-divider--bg-round{--divider-pattern-repeat:round}.rtl .elementor-widget-divider .elementor-divider__text{direction:rtl}.e-con-inner>.elementor-widget-divider,.e-con>.elementor-widget-divider{width:var(--container-widget-width,100%);--flex-grow:var(--container-widget-flex-grow)}<\/style>\t\t<div class=\"elementor-divider\">\n\t\t\t<span class=\"elementor-divider-separator\">\n\t\t\t\t\t\t<\/span>\n\t\t<\/div>\n\t\t\t\t<\/div>\n\t\t\t\t<\/div>\n\t\t\t\t<div class=\"elementor-element elementor-element-4c6000b elementor-widget__width-initial elementor-widget elementor-widget-text-editor\" data-id=\"4c6000b\" data-element_type=\"widget\" data-widget_type=\"text-editor.default\">\n\t\t\t\t<div class=\"elementor-widget-container\">\n\t\t\t\t\t\t\t<p style=\"font-weight: 400;\"><b>Responsable:<\/b>\u00a0Los datos que facilita ser\u00e1n introducidos en el fichero de CLIENTES de CARTELINA CINCO, S.A. con CIF A-08480980 y con domicilio en Gran Via de les Corts Catalanes n\u00ba608, 08007, Barcelona<br \/><br \/><b>Finalidad:<\/b>\u00a0Gesti\u00f3n de las solicitudes de informaci\u00f3n a trav\u00e9s de la p\u00e1gina web con la finalidad de prestarles servicios profesionales inmobiliarios y as\u00ed facilitarles informaci\u00f3n sobre sus solicitudes<br \/><br \/><b>Legitimaci\u00f3n:<\/b>\u00a0La legitimaci\u00f3n se basa en el consentimiento que usted nos otorga al clicar el bot\u00f3n \u00abAcepto la pol\u00edtica de protecci\u00f3n de datos\u00bb.<br \/><br \/><b>Destinatarios:<\/b>\u00a0Sus datos no se ceder\u00e1n a nadie, salvo obligaci\u00f3n legal.<br \/><br \/><b>Derechos:<\/b>\u00a0Podr\u00e1 ejercitar los derechos de acceso, rectificaci\u00f3n, supresi\u00f3n, oposici\u00f3n, portabilidad y retirada de consentimiento de sus datos personales indic\u00e1ndolo por escrito a CARTELINA CINCO, S.A. con domicilio en Gran Via de les Corts Catalanes n\u00ba608, 08007, Barcelona o mediante correo electr\u00f3nico a <a href=\"mailto:info@cartelinacinco.com\">info@cartelinacinco.com<\/a><\/p>\t\t\t\t\t\t<\/div>\n\t\t\t\t<\/div>\n\t\t\t\t\t<\/div>\n\t\t<\/div>\n\t\t\t\t\t\t\t<\/div>\n\t\t<\/section>\n\t\t\t\t\t\t\t<\/div>\n\t\t","protected":false},"excerpt":{"rendered":"<p>Pol\u00edtica de privacidad Responsable:\u00a0Los datos que facilita ser\u00e1n introducidos en el fichero de CLIENTES de CARTELINA CINCO, S.A. con CIF A-08480980 y con domicilio en Gran Via de les Corts Catalanes n\u00ba608, 08007, Barcelona Finalidad:\u00a0Gesti\u00f3n de las solicitudes de informaci\u00f3n a trav\u00e9s de la p\u00e1gina web con la finalidad de prestarles servicios profesionales inmobiliarios y [&hellip;]<\/p>\n","protected":false},"author":4,"featured_media":0,"parent":0,"menu_order":0,"comment_status":"closed","ping_status":"open","template":"elementor_header_footer","meta":{"footnotes":""},"class_list":{"1":"page"},"yoast_head":"<!-- This site is optimized with the Yoast SEO plugin v21.3 - https:\/\/yoast.com\/wordpress\/plugins\/seo\/ -->\n<title>Politica de privacidad - Cartelinacinco<\/title>\n<meta name=\"robots\" content=\"noindex, nofollow\" \/>\n<meta property=\"og:locale\" content=\"es_ES\" \/>\n<meta property=\"og:type\" content=\"article\" \/>\n<meta property=\"og:title\" content=\"Politica de privacidad - Cartelinacinco\" \/>\n<meta property=\"og:description\" content=\"Pol\u00edtica de privacidad Responsable:\u00a0Los datos que facilita ser\u00e1n introducidos en el fichero de CLIENTES de CARTELINA CINCO, S.A. con CIF A-08480980 y con domicilio en Gran Via de les Corts Catalanes n\u00ba608, 08007, Barcelona Finalidad:\u00a0Gesti\u00f3n de las solicitudes de informaci\u00f3n a trav\u00e9s de la p\u00e1gina web con la finalidad de prestarles servicios profesionales inmobiliarios y [&hellip;]\" \/>\n<meta property=\"og:url\" content=\"https:\/\/cartelinacinco.com\/es\/politica-de-privacidad\/\" \/>\n<meta property=\"og:site_name\" content=\"Cartelinacinco\" \/>\n<meta property=\"article:modified_time\" content=\"2023-07-20T07:17:22+00:00\" \/>\n<meta name=\"twitter:card\" content=\"summary_large_image\" \/>\n<meta name=\"twitter:label1\" content=\"Tiempo de lectura\" \/>\n\t<meta name=\"twitter:data1\" content=\"1 minuto\" \/>\n<script type=\"application\/ld+json\" class=\"yoast-schema-graph\">{\"@context\":\"https:\/\/schema.org\",\"@graph\":[{\"@type\":\"WebPage\",\"@id\":\"https:\/\/cartelinacinco.com\/es\/politica-de-privacidad\/\",\"url\":\"https:\/\/cartelinacinco.com\/es\/politica-de-privacidad\/\",\"name\":\"Politica de privacidad - Cartelinacinco\",\"isPartOf\":{\"@id\":\"https:\/\/cartelinacinco.com\/#website\"},\"datePublished\":\"2023-06-07T08:15:06+00:00\",\"dateModified\":\"2023-07-20T07:17:22+00:00\",\"breadcrumb\":{\"@id\":\"https:\/\/cartelinacinco.com\/es\/politica-de-privacidad\/#breadcrumb\"},\"inLanguage\":\"es\",\"potentialAction\":[{\"@type\":\"ReadAction\",\"target\":[\"https:\/\/cartelinacinco.com\/es\/politica-de-privacidad\/\"]}]},{\"@type\":\"BreadcrumbList\",\"@id\":\"https:\/\/cartelinacinco.com\/es\/politica-de-privacidad\/#breadcrumb\",\"itemListElement\":[{\"@type\":\"ListItem\",\"position\":1,\"name\":\"Inici\",\"item\":\"https:\/\/cartelinacinco.com\/es\/\"},{\"@type\":\"ListItem\",\"position\":2,\"name\":\"Politica de privacidad\"}]},{\"@type\":\"WebSite\",\"@id\":\"https:\/\/cartelinacinco.com\/#website\",\"url\":\"https:\/\/cartelinacinco.com\/\",\"name\":\"Cartelinacinco\",\"description\":\"Assessorament integral immobiliari\",\"publisher\":{\"@id\":\"https:\/\/cartelinacinco.com\/#organization\"},\"potentialAction\":[{\"@type\":\"SearchAction\",\"target\":{\"@type\":\"EntryPoint\",\"urlTemplate\":\"https:\/\/cartelinacinco.com\/?s={search_term_string}\"},\"query-input\":\"required name=search_term_string\"}],\"inLanguage\":\"es\"},{\"@type\":\"Organization\",\"@id\":\"https:\/\/cartelinacinco.com\/#organization\",\"name\":\"Cartelinacinco\",\"url\":\"https:\/\/cartelinacinco.com\/\",\"logo\":{\"@type\":\"ImageObject\",\"inLanguage\":\"es\",\"@id\":\"https:\/\/cartelinacinco.com\/#\/schema\/logo\/image\/\",\"url\":\"https:\/\/cartelinacinco.com\/wp-content\/uploads\/2023\/06\/Logo-cartelinaNou_Cast_trans-1.png\",\"contentUrl\":\"https:\/\/cartelinacinco.com\/wp-content\/uploads\/2023\/06\/Logo-cartelinaNou_Cast_trans-1.png\",\"width\":3233,\"height\":694,\"caption\":\"Cartelinacinco\"},\"image\":{\"@id\":\"https:\/\/cartelinacinco.com\/#\/schema\/logo\/image\/\"}}]}<\/script>\n<!-- \/ Yoast SEO plugin. -->","yoast_head_json":{"title":"Politica de privacidad - Cartelinacinco","robots":{"index":"noindex","follow":"nofollow"},"og_locale":"es_ES","og_type":"article","og_title":"Politica de privacidad - Cartelinacinco","og_description":"Pol\u00edtica de privacidad Responsable:\u00a0Los datos que facilita ser\u00e1n introducidos en el fichero de CLIENTES de CARTELINA CINCO, S.A. con CIF A-08480980 y con domicilio en Gran Via de les Corts Catalanes n\u00ba608, 08007, Barcelona Finalidad:\u00a0Gesti\u00f3n de las solicitudes de informaci\u00f3n a trav\u00e9s de la p\u00e1gina web con la finalidad de prestarles servicios profesionales inmobiliarios y [&hellip;]","og_url":"https:\/\/cartelinacinco.com\/es\/politica-de-privacidad\/","og_site_name":"Cartelinacinco","article_modified_time":"2023-07-20T07:17:22+00:00","twitter_card":"summary_large_image","twitter_misc":{"Tiempo de lectura":"1 minuto"},"schema":{"@context":"https:\/\/schema.org","@graph":[{"@type":"WebPage","@id":"https:\/\/cartelinacinco.com\/es\/politica-de-privacidad\/","url":"https:\/\/cartelinacinco.com\/es\/politica-de-privacidad\/","name":"Politica de privacidad - Cartelinacinco","isPartOf":{"@id":"https:\/\/cartelinacinco.com\/#website"},"datePublished":"2023-06-07T08:15:06+00:00","dateModified":"2023-07-20T07:17:22+00:00","breadcrumb":{"@id":"https:\/\/cartelinacinco.com\/es\/politica-de-privacidad\/#breadcrumb"},"inLanguage":"es","potentialAction":[{"@type":"ReadAction","target":["https:\/\/cartelinacinco.com\/es\/politica-de-privacidad\/"]}]},{"@type":"BreadcrumbList","@id":"https:\/\/cartelinacinco.com\/es\/politica-de-privacidad\/#breadcrumb","itemListElement":[{"@type":"ListItem","position":1,"name":"Inici","item":"https:\/\/cartelinacinco.com\/es\/"},{"@type":"ListItem","position":2,"name":"Politica de privacidad"}]},{"@type":"WebSite","@id":"https:\/\/cartelinacinco.com\/#website","url":"https:\/\/cartelinacinco.com\/","name":"Cartelinacinco","description":"Assessorament integral immobiliari","publisher":{"@id":"https:\/\/cartelinacinco.com\/#organization"},"potentialAction":[{"@type":"SearchAction","target":{"@type":"EntryPoint","urlTemplate":"https:\/\/cartelinacinco.com\/?s={search_term_string}"},"query-input":"required name=search_term_string"}],"inLanguage":"es"},{"@type":"Organization","@id":"https:\/\/cartelinacinco.com\/#organization","name":"Cartelinacinco","url":"https:\/\/cartelinacinco.com\/","logo":{"@type":"ImageObject","inLanguage":"es","@id":"https:\/\/cartelinacinco.com\/#\/schema\/logo\/image\/","url":"https:\/\/cartelinacinco.com\/wp-content\/uploads\/2023\/06\/Logo-cartelinaNou_Cast_trans-1.png","contentUrl":"https:\/\/cartelinacinco.com\/wp-content\/uploads\/2023\/06\/Logo-cartelinaNou_Cast_trans-1.png","width":3233,"height":694,"caption":"Cartelinacinco"},"image":{"@id":"https:\/\/cartelinacinco.com\/#\/schema\/logo\/image\/"}}]}},"_links":{"self":[{"href":"https:\/\/cartelinacinco.com\/es\/wp-json\/wp\/v2\/pages\/711","targetHints":{"allow":["GET"]}}],"collection":[{"href":"https:\/\/cartelinacinco.com\/es\/wp-json\/wp\/v2\/pages"}],"about":[{"href":"https:\/\/cartelinacinco.com\/es\/wp-json\/wp\/v2\/types\/page"}],"author":[{"embeddable":true,"href":"https:\/\/cartelinacinco.com\/es\/wp-json\/wp\/v2\/users\/4"}],"replies":[{"embeddable":true,"href":"https:\/\/cartelinacinco.com\/es\/wp-json\/wp\/v2\/comments?post=711"}],"version-history":[{"count":7,"href":"https:\/\/cartelinacinco.com\/es\/wp-json\/wp\/v2\/pages\/711\/revisions"}],"predecessor-version":[{"id":1384,"href":"https:\/\/cartelinacinco.com\/es\/wp-json\/wp\/v2\/pages\/711\/revisions\/1384"}],"wp:attachment":[{"href":"https:\/\/cartelinacinco.com\/es\/wp-json\/wp\/v2\/media?parent=711"}],"curies":[{"name":"wp","href":"https:\/\/api.w.org\/{rel}","templated":true}]}}