{"id":804,"date":"2023-07-06T14:03:22","date_gmt":"2023-07-06T14:03:22","guid":{"rendered":"https:\/\/cartelinacinco.webdevbcn.net\/?page_id=804"},"modified":"2023-07-19T14:32:52","modified_gmt":"2023-07-19T14:32:52","slug":"cookies","status":"publish","type":"page","link":"https:\/\/cartelinacinco.com\/es\/cookies\/","title":{"rendered":"Cookies"},"content":{"rendered":"\t\t<div data-elementor-type=\"wp-page\" data-elementor-id=\"804\" class=\"elementor elementor-804\" data-elementor-post-type=\"page\">\n\t\t\t\t\t\t\t\t\t<section class=\"elementor-section elementor-top-section elementor-element elementor-element-a4906c6 elementor-section-boxed elementor-section-height-default elementor-section-height-default\" data-id=\"a4906c6\" data-element_type=\"section\">\n\t\t\t\t\t\t<div class=\"elementor-container elementor-column-gap-default\">\n\t\t\t\t\t<div class=\"elementor-column elementor-col-100 elementor-top-column elementor-element elementor-element-6c0b011\" data-id=\"6c0b011\" data-element_type=\"column\">\n\t\t\t<div class=\"elementor-widget-wrap\">\n\t\t\t\t\t\t\t\t\t<\/div>\n\t\t<\/div>\n\t\t\t\t\t\t\t<\/div>\n\t\t<\/section>\n\t\t\t\t<section class=\"elementor-section elementor-top-section elementor-element elementor-element-a4f055c elementor-section-boxed elementor-section-height-default elementor-section-height-default\" data-id=\"a4f055c\" data-element_type=\"section\">\n\t\t\t\t\t\t<div class=\"elementor-container elementor-column-gap-default\">\n\t\t\t\t\t<div class=\"elementor-column elementor-col-100 elementor-top-column elementor-element elementor-element-3a8e916\" data-id=\"3a8e916\" data-element_type=\"column\">\n\t\t\t<div class=\"elementor-widget-wrap elementor-element-populated\">\n\t\t\t\t\t\t\t\t<div class=\"elementor-element elementor-element-4324e7b elementor-widget elementor-widget-heading\" data-id=\"4324e7b\" data-element_type=\"widget\" data-widget_type=\"heading.default\">\n\t\t\t\t<div class=\"elementor-widget-container\">\n\t\t\t<style>\/*! elementor - v3.16.0 - 09-10-2023 *\/\n.elementor-heading-title{padding:0;margin:0;line-height:1}.elementor-widget-heading .elementor-heading-title[class*=elementor-size-]>a{color:inherit;font-size:inherit;line-height:inherit}.elementor-widget-heading .elementor-heading-title.elementor-size-small{font-size:15px}.elementor-widget-heading .elementor-heading-title.elementor-size-medium{font-size:19px}.elementor-widget-heading .elementor-heading-title.elementor-size-large{font-size:29px}.elementor-widget-heading .elementor-heading-title.elementor-size-xl{font-size:39px}.elementor-widget-heading .elementor-heading-title.elementor-size-xxl{font-size:59px}<\/style><h2 class=\"elementor-heading-title elementor-size-default\">Galletas<\/h2>\t\t<\/div>\n\t\t\t\t<\/div>\n\t\t\t\t<div class=\"elementor-element elementor-element-cb8f1f6 elementor-widget-divider--view-line elementor-widget elementor-widget-divider\" data-id=\"cb8f1f6\" data-element_type=\"widget\" data-widget_type=\"divider.default\">\n\t\t\t\t<div class=\"elementor-widget-container\">\n\t\t\t<style>\/*! elementor - v3.16.0 - 09-10-2023 *\/\n.elementor-widget-divider{--divider-border-style:none;--divider-border-width:1px;--divider-color:#0c0d0e;--divider-icon-size:20px;--divider-element-spacing:10px;--divider-pattern-height:24px;--divider-pattern-size:20px;--divider-pattern-url:none;--divider-pattern-repeat:repeat-x}.elementor-widget-divider .elementor-divider{display:flex}.elementor-widget-divider .elementor-divider__text{font-size:15px;line-height:1;max-width:95%}.elementor-widget-divider .elementor-divider__element{margin:0 var(--divider-element-spacing);flex-shrink:0}.elementor-widget-divider .elementor-icon{font-size:var(--divider-icon-size)}.elementor-widget-divider .elementor-divider-separator{display:flex;margin:0;direction:ltr}.elementor-widget-divider--view-line_icon .elementor-divider-separator,.elementor-widget-divider--view-line_text .elementor-divider-separator{align-items:center}.elementor-widget-divider--view-line_icon .elementor-divider-separator:after,.elementor-widget-divider--view-line_icon .elementor-divider-separator:before,.elementor-widget-divider--view-line_text .elementor-divider-separator:after,.elementor-widget-divider--view-line_text .elementor-divider-separator:before{display:block;content:\"\";border-bottom:0;flex-grow:1;border-top:var(--divider-border-width) var(--divider-border-style) var(--divider-color)}.elementor-widget-divider--element-align-left .elementor-divider .elementor-divider-separator>.elementor-divider__svg:first-of-type{flex-grow:0;flex-shrink:100}.elementor-widget-divider--element-align-left .elementor-divider-separator:before{content:none}.elementor-widget-divider--element-align-left .elementor-divider__element{margin-left:0}.elementor-widget-divider--element-align-right .elementor-divider .elementor-divider-separator>.elementor-divider__svg:last-of-type{flex-grow:0;flex-shrink:100}.elementor-widget-divider--element-align-right .elementor-divider-separator:after{content:none}.elementor-widget-divider--element-align-right .elementor-divider__element{margin-right:0}.elementor-widget-divider:not(.elementor-widget-divider--view-line_text):not(.elementor-widget-divider--view-line_icon) .elementor-divider-separator{border-top:var(--divider-border-width) var(--divider-border-style) var(--divider-color)}.elementor-widget-divider--separator-type-pattern{--divider-border-style:none}.elementor-widget-divider--separator-type-pattern.elementor-widget-divider--view-line .elementor-divider-separator,.elementor-widget-divider--separator-type-pattern:not(.elementor-widget-divider--view-line) .elementor-divider-separator:after,.elementor-widget-divider--separator-type-pattern:not(.elementor-widget-divider--view-line) .elementor-divider-separator:before,.elementor-widget-divider--separator-type-pattern:not([class*=elementor-widget-divider--view]) .elementor-divider-separator{width:100%;min-height:var(--divider-pattern-height);-webkit-mask-size:var(--divider-pattern-size) 100%;mask-size:var(--divider-pattern-size) 100%;-webkit-mask-repeat:var(--divider-pattern-repeat);mask-repeat:var(--divider-pattern-repeat);background-color:var(--divider-color);-webkit-mask-image:var(--divider-pattern-url);mask-image:var(--divider-pattern-url)}.elementor-widget-divider--no-spacing{--divider-pattern-size:auto}.elementor-widget-divider--bg-round{--divider-pattern-repeat:round}.rtl .elementor-widget-divider .elementor-divider__text{direction:rtl}.e-con-inner>.elementor-widget-divider,.e-con>.elementor-widget-divider{width:var(--container-widget-width,100%);--flex-grow:var(--container-widget-flex-grow)}<\/style>\t\t<div class=\"elementor-divider\">\n\t\t\t<span class=\"elementor-divider-separator\">\n\t\t\t\t\t\t<\/span>\n\t\t<\/div>\n\t\t\t\t<\/div>\n\t\t\t\t<\/div>\n\t\t\t\t<div class=\"elementor-element elementor-element-b181487 elementor-widget__width-initial elementor-widget elementor-widget-text-editor\" data-id=\"b181487\" data-element_type=\"widget\" data-widget_type=\"text-editor.default\">\n\t\t\t\t<div class=\"elementor-widget-container\">\n\t\t\t<style>\/*! elementor - v3.16.0 - 09-10-2023 *\/\n.elementor-widget-text-editor.elementor-drop-cap-view-stacked .elementor-drop-cap{background-color:#69727d;color:#fff}.elementor-widget-text-editor.elementor-drop-cap-view-framed .elementor-drop-cap{color:#69727d;border:3px solid;background-color:transparent}.elementor-widget-text-editor:not(.elementor-drop-cap-view-default) .elementor-drop-cap{margin-top:8px}.elementor-widget-text-editor:not(.elementor-drop-cap-view-default) .elementor-drop-cap-letter{width:1em;height:1em}.elementor-widget-text-editor .elementor-drop-cap{float:left;text-align:center;line-height:1;font-size:50px}.elementor-widget-text-editor .elementor-drop-cap-letter{display:inline-block}<\/style>\t\t\t\t<p style=\"font-style: inherit; font-weight: inherit;\">Utilizamos cookies propias y de terceros para facilitar tu navegaci\u00f3n en la p\u00e1gina web, conocer c\u00f3mo interact\u00faas con nosotros y recopilar datos estad\u00edsticos. Por favor, lee nuestra Pol\u00edtica de Cookies para conocer con mayor detalle las cookies que usamos, su finalidad y como poder configurarlas o rechazarlas, si as\u00ed lo consideras.<\/p>\n<p style=\"font-weight: 400;\">Las cookies son identificadores que enviamos al disco duro de su ordenador a trav\u00e9s de su navegador Web con el fin de que nuestros sistemas puedan reconocer su navegador y ofrecerle ciertos servicios. En general, estas tecnolog\u00edas pueden servir para finalidades muy diferentes, por ejemplo, reconocerte como usuario, obtener informaci\u00f3n sobre tus h\u00e1bitos de navegaci\u00f3n, o personalizar la forma en que se muestra el contenido. Esta p\u00e1gina utiliza tipos diferentes de cookies. Algunas cookies son colocadas por servicios de terceros que aparecen en nuestras p\u00e1ginas. Las cookies pueden ser:<\/p><p style=\"font-weight: 400;\"><br><\/p>\n<h3>Cookies de preferencias<\/h3>\n<p style=\"font-weight: 400;\">Las cookies de preferencias permiten a la p\u00e1gina web recordar informaci\u00f3n que cambia la forma en que la p\u00e1gina se comporta o el aspecto que tiene, como su idioma preferido o la regi\u00f3n en la que usted se encuentra.<\/p><p style=\"font-weight: 400;\"><br><\/p>\n<h3>Cookies de estad\u00edsticas<\/h3>\n<p style=\"font-weight: 400;\">Las cookies estad\u00edsticas ayudan a los propietarios de p\u00e1ginas web a comprender c\u00f3mo interact\u00faan los visitantes con las p\u00e1ginas web reuniendo y proporcionando informaci\u00f3n de forma an\u00f3nima. Para deshabilitar las cookies de Google Analytics, puede instalar el Complemento inhabilitaci\u00f3n para navegadores de Google Analytics que le permitir\u00e1 no mandar informaci\u00f3n estad\u00edstica. Lo tiene disponible en el siguiente enlace: <a href=\"https:\/\/tools.google.com\/dlpage\/gaoptout?hl=es\">https:\/\/tools.google.com\/dlpage\/gaoptout?hl=es<\/a><\/p><p style=\"font-weight: 400;\"><br><\/p>\n<h3>Cookies de marketing<\/h3>\n<p style=\"font-weight: 400;\">Las cookies de marketing se utilizan para rastrear a los visitantes en las p\u00e1ginas web. La intenci\u00f3n es mostrar anuncios relevantes y atractivos para el usuario individual, y por lo tanto, m\u00e1s valiosos para los editores y terceros anunciantes.<\/p><p style=\"font-weight: 400;\"><br><\/p>\n<h3>C\u00f3mo deshabilitar las cookies en los principales navegadores:&nbsp;<\/h3>\n<p style=\"font-weight: 400;\">Normalmente es posible dejar de aceptar las Cookies del navegador, o dejar de aceptar las Cookies de un Servicio en particular.<\/p>\n<p style=\"font-weight: 400;\">Todos los navegadores modernos permiten cambiar la configuraci\u00f3n de Cookies. Estos ajustes normalmente se encuentra en las &#8216;opciones&#8217; o &#8216;Preferencias&#8217; del men\u00fa de su navegador. Asimismo, puede configurar su navegador o su gestor de correo electr\u00f3nico.<\/p>\n<p style=\"font-weight: 400;\">A continuaci\u00f3n se ofrece orientaci\u00f3n al Usuario sobre los pasos para acceder al men\u00fa de configuraci\u00f3n de las cookies y, en su caso, de la navegaci\u00f3n privada en cada uno de los navegadores principales:<\/p>\n<p style=\"font-weight: 400;\">Internet Explorer: Herramientas -&gt; Opciones de Internet -&gt; Privacidad -&gt; Configuraci\u00f3n. Para m\u00e1s informaci\u00f3n, puede consultar el soporte de Microsoft o la Ayuda del navegador.<\/p>\n<p style=\"font-weight: 400;\">Firefox: Herramientas -&gt; Opciones -&gt; Privacidad -&gt; Historial -&gt; Configuraci\u00f3n Personalizada. Para m\u00e1s informaci\u00f3n, puede consultar el soporte de Mozilla o la Ayuda del navegador.<\/p>\n<p style=\"font-weight: 400;\">Chrome: Configuraci\u00f3n -&gt; Mostrar opciones avanzadas -&gt; Privacidad -&gt; Configuraci\u00f3n de contenido. Para m\u00e1s informaci\u00f3n, puede consultar el soporte de Google o la Ayuda del navegador.<\/p>\n<p style=\"font-weight: 400;\">Safari: Preferencias -&gt; Seguridad. Para m\u00e1s informaci\u00f3n, puede consultar el soporte de Apple o la Ayuda del navegador.<\/p>\n<p style=\"font-weight: 400;\">\u00bfQu\u00e9 ocurre si se deshabilitan las Cookies?<\/p>\n<p style=\"font-weight: 400;\">Algunas funcionalidades de los Servicios quedar\u00e1n deshabilitados.<\/p>\t\t\t\t\t\t<\/div>\n\t\t\t\t<\/div>\n\t\t\t\t\t<\/div>\n\t\t<\/div>\n\t\t\t\t\t\t\t<\/div>\n\t\t<\/section>\n\t\t\t\t\t\t\t<\/div>\n\t\t","protected":false},"excerpt":{"rendered":"<p>Galletas Utilizamos cookies propias y de terceros para facilitar tu navegaci\u00f3n en la p\u00e1gina web, conocer c\u00f3mo interact\u00faas con nosotros y recopilar datos estad\u00edsticos. Por favor, lee nuestra Pol\u00edtica de Cookies para conocer con mayor detalle las cookies que usamos, su finalidad y como poder configurarlas o rechazarlas, si as\u00ed lo consideras. Las cookies son [&hellip;]<\/p>\n","protected":false},"author":4,"featured_media":0,"parent":0,"menu_order":0,"comment_status":"closed","ping_status":"closed","template":"","meta":{"footnotes":""},"class_list":{"1":"page"},"yoast_head":"<!-- This site is optimized with the Yoast SEO plugin v21.3 - https:\/\/yoast.com\/wordpress\/plugins\/seo\/ -->\n<title>Cookies - Cartelinacinco<\/title>\n<meta name=\"robots\" content=\"index, follow, max-snippet:-1, max-image-preview:large, max-video-preview:-1\" \/>\n<link rel=\"canonical\" href=\"https:\/\/cartelinacinco.com\/es\/cookies\/\" \/>\n<meta property=\"og:locale\" content=\"es_ES\" \/>\n<meta property=\"og:type\" content=\"article\" \/>\n<meta property=\"og:title\" content=\"Cookies - Cartelinacinco\" \/>\n<meta property=\"og:description\" content=\"Galletas Utilizamos cookies propias y de terceros para facilitar tu navegaci\u00f3n en la p\u00e1gina web, conocer c\u00f3mo interact\u00faas con nosotros y recopilar datos estad\u00edsticos. Por favor, lee nuestra Pol\u00edtica de Cookies para conocer con mayor detalle las cookies que usamos, su finalidad y como poder configurarlas o rechazarlas, si as\u00ed lo consideras. Las cookies son [&hellip;]\" \/>\n<meta property=\"og:url\" content=\"https:\/\/cartelinacinco.com\/es\/cookies\/\" \/>\n<meta property=\"og:site_name\" content=\"Cartelinacinco\" \/>\n<meta property=\"article:modified_time\" content=\"2023-07-19T14:32:52+00:00\" \/>\n<meta name=\"twitter:card\" content=\"summary_large_image\" \/>\n<meta name=\"twitter:label1\" content=\"Tiempo de lectura\" \/>\n\t<meta name=\"twitter:data1\" content=\"3 minutos\" \/>\n<script type=\"application\/ld+json\" class=\"yoast-schema-graph\">{\"@context\":\"https:\/\/schema.org\",\"@graph\":[{\"@type\":\"WebPage\",\"@id\":\"https:\/\/cartelinacinco.com\/es\/cookies\/\",\"url\":\"https:\/\/cartelinacinco.com\/es\/cookies\/\",\"name\":\"Cookies - Cartelinacinco\",\"isPartOf\":{\"@id\":\"https:\/\/cartelinacinco.com\/#website\"},\"datePublished\":\"2023-07-06T14:03:22+00:00\",\"dateModified\":\"2023-07-19T14:32:52+00:00\",\"breadcrumb\":{\"@id\":\"https:\/\/cartelinacinco.com\/es\/cookies\/#breadcrumb\"},\"inLanguage\":\"es\",\"potentialAction\":[{\"@type\":\"ReadAction\",\"target\":[\"https:\/\/cartelinacinco.com\/es\/cookies\/\"]}]},{\"@type\":\"BreadcrumbList\",\"@id\":\"https:\/\/cartelinacinco.com\/es\/cookies\/#breadcrumb\",\"itemListElement\":[{\"@type\":\"ListItem\",\"position\":1,\"name\":\"Inici\",\"item\":\"https:\/\/cartelinacinco.com\/es\/\"},{\"@type\":\"ListItem\",\"position\":2,\"name\":\"Cookies\"}]},{\"@type\":\"WebSite\",\"@id\":\"https:\/\/cartelinacinco.com\/#website\",\"url\":\"https:\/\/cartelinacinco.com\/\",\"name\":\"Cartelinacinco\",\"description\":\"Assessorament integral immobiliari\",\"publisher\":{\"@id\":\"https:\/\/cartelinacinco.com\/#organization\"},\"potentialAction\":[{\"@type\":\"SearchAction\",\"target\":{\"@type\":\"EntryPoint\",\"urlTemplate\":\"https:\/\/cartelinacinco.com\/?s={search_term_string}\"},\"query-input\":\"required name=search_term_string\"}],\"inLanguage\":\"es\"},{\"@type\":\"Organization\",\"@id\":\"https:\/\/cartelinacinco.com\/#organization\",\"name\":\"Cartelinacinco\",\"url\":\"https:\/\/cartelinacinco.com\/\",\"logo\":{\"@type\":\"ImageObject\",\"inLanguage\":\"es\",\"@id\":\"https:\/\/cartelinacinco.com\/#\/schema\/logo\/image\/\",\"url\":\"https:\/\/cartelinacinco.com\/wp-content\/uploads\/2023\/06\/Logo-cartelinaNou_Cast_trans-1.png\",\"contentUrl\":\"https:\/\/cartelinacinco.com\/wp-content\/uploads\/2023\/06\/Logo-cartelinaNou_Cast_trans-1.png\",\"width\":3233,\"height\":694,\"caption\":\"Cartelinacinco\"},\"image\":{\"@id\":\"https:\/\/cartelinacinco.com\/#\/schema\/logo\/image\/\"}}]}<\/script>\n<!-- \/ Yoast SEO plugin. -->","yoast_head_json":{"title":"Cookies - Cartelinacinco","robots":{"index":"index","follow":"follow","max-snippet":"max-snippet:-1","max-image-preview":"max-image-preview:large","max-video-preview":"max-video-preview:-1"},"canonical":"https:\/\/cartelinacinco.com\/es\/cookies\/","og_locale":"es_ES","og_type":"article","og_title":"Cookies - Cartelinacinco","og_description":"Galletas Utilizamos cookies propias y de terceros para facilitar tu navegaci\u00f3n en la p\u00e1gina web, conocer c\u00f3mo interact\u00faas con nosotros y recopilar datos estad\u00edsticos. Por favor, lee nuestra Pol\u00edtica de Cookies para conocer con mayor detalle las cookies que usamos, su finalidad y como poder configurarlas o rechazarlas, si as\u00ed lo consideras. Las cookies son [&hellip;]","og_url":"https:\/\/cartelinacinco.com\/es\/cookies\/","og_site_name":"Cartelinacinco","article_modified_time":"2023-07-19T14:32:52+00:00","twitter_card":"summary_large_image","twitter_misc":{"Tiempo de lectura":"3 minutos"},"schema":{"@context":"https:\/\/schema.org","@graph":[{"@type":"WebPage","@id":"https:\/\/cartelinacinco.com\/es\/cookies\/","url":"https:\/\/cartelinacinco.com\/es\/cookies\/","name":"Cookies - Cartelinacinco","isPartOf":{"@id":"https:\/\/cartelinacinco.com\/#website"},"datePublished":"2023-07-06T14:03:22+00:00","dateModified":"2023-07-19T14:32:52+00:00","breadcrumb":{"@id":"https:\/\/cartelinacinco.com\/es\/cookies\/#breadcrumb"},"inLanguage":"es","potentialAction":[{"@type":"ReadAction","target":["https:\/\/cartelinacinco.com\/es\/cookies\/"]}]},{"@type":"BreadcrumbList","@id":"https:\/\/cartelinacinco.com\/es\/cookies\/#breadcrumb","itemListElement":[{"@type":"ListItem","position":1,"name":"Inici","item":"https:\/\/cartelinacinco.com\/es\/"},{"@type":"ListItem","position":2,"name":"Cookies"}]},{"@type":"WebSite","@id":"https:\/\/cartelinacinco.com\/#website","url":"https:\/\/cartelinacinco.com\/","name":"Cartelinacinco","description":"Assessorament integral immobiliari","publisher":{"@id":"https:\/\/cartelinacinco.com\/#organization"},"potentialAction":[{"@type":"SearchAction","target":{"@type":"EntryPoint","urlTemplate":"https:\/\/cartelinacinco.com\/?s={search_term_string}"},"query-input":"required name=search_term_string"}],"inLanguage":"es"},{"@type":"Organization","@id":"https:\/\/cartelinacinco.com\/#organization","name":"Cartelinacinco","url":"https:\/\/cartelinacinco.com\/","logo":{"@type":"ImageObject","inLanguage":"es","@id":"https:\/\/cartelinacinco.com\/#\/schema\/logo\/image\/","url":"https:\/\/cartelinacinco.com\/wp-content\/uploads\/2023\/06\/Logo-cartelinaNou_Cast_trans-1.png","contentUrl":"https:\/\/cartelinacinco.com\/wp-content\/uploads\/2023\/06\/Logo-cartelinaNou_Cast_trans-1.png","width":3233,"height":694,"caption":"Cartelinacinco"},"image":{"@id":"https:\/\/cartelinacinco.com\/#\/schema\/logo\/image\/"}}]}},"_links":{"self":[{"href":"https:\/\/cartelinacinco.com\/es\/wp-json\/wp\/v2\/pages\/804","targetHints":{"allow":["GET"]}}],"collection":[{"href":"https:\/\/cartelinacinco.com\/es\/wp-json\/wp\/v2\/pages"}],"about":[{"href":"https:\/\/cartelinacinco.com\/es\/wp-json\/wp\/v2\/types\/page"}],"author":[{"embeddable":true,"href":"https:\/\/cartelinacinco.com\/es\/wp-json\/wp\/v2\/users\/4"}],"replies":[{"embeddable":true,"href":"https:\/\/cartelinacinco.com\/es\/wp-json\/wp\/v2\/comments?post=804"}],"version-history":[{"count":22,"href":"https:\/\/cartelinacinco.com\/es\/wp-json\/wp\/v2\/pages\/804\/revisions"}],"predecessor-version":[{"id":1371,"href":"https:\/\/cartelinacinco.com\/es\/wp-json\/wp\/v2\/pages\/804\/revisions\/1371"}],"wp:attachment":[{"href":"https:\/\/cartelinacinco.com\/es\/wp-json\/wp\/v2\/media?parent=804"}],"curies":[{"name":"wp","href":"https:\/\/api.w.org\/{rel}","templated":true}]}}